{"id":11428,"date":"2017-05-29T09:08:28","date_gmt":"2017-05-29T08:08:28","guid":{"rendered":"http:\/\/www.obrallar.com\/serveis\/renovacio-de-botigues-i-locals-comercials\/"},"modified":"2017-11-22T12:41:53","modified_gmt":"2017-11-22T10:41:53","slug":"renovacion-tiendas-locales-comerciales","status":"publish","type":"page","link":"https:\/\/www.obrallar.com\/es\/servicios\/renovacion-tiendas-locales-comerciales\/","title":{"rendered":"Renovaci\u00f3n de tiendas y locales comerciales"},"content":{"rendered":"<style type=\"text\/css\"> \n#cmsmasters_row_69e45b4d93f363_30198156 .cmsmasters_row_outer_parent { \n\tpadding-top: 80px; \n} \n\n#cmsmasters_row_69e45b4d93f363_30198156 .cmsmasters_row_outer_parent { \n\tpadding-bottom: 60px; \n} \n\n \n#cmsmasters_heading_69e45b4d943e2 { \n\ttext-align:left; \n\tmargin-top:0px; \n\tmargin-bottom:20px; \n} \n\n#cmsmasters_heading_69e45b4d943e2 .cmsmasters_heading { \n\ttext-align:left; \n} \n\n#cmsmasters_heading_69e45b4d943e2 .cmsmasters_heading, #cmsmasters_heading_69e45b4d943e2 .cmsmasters_heading a { \n\tfont-size:28px; \n\tfont-weight:900; \n\tfont-style:normal; \n} \n\n#cmsmasters_heading_69e45b4d943e2 .cmsmasters_heading_divider { \n} \n\n \n#cmsmasters_divider_69e45b4d949ac9_21855584 { \n\tborder-bottom-width:0px; \n\tborder-bottom-style:solid; \n\tpadding-top:30px; \n\tmargin-bottom:0px; \n} \n \n#cmsmasters_divider_69e45b4d94cee9_55081733 { \n\tborder-bottom-width:1px; \n\tborder-bottom-style:solid; \n\tpadding-top:50px; \n\tmargin-bottom:50px; \n} \n<\/style><div id=\"cmsmasters_row_69e45b4d93f363_30198156\" class=\"cmsmasters_row cmsmasters_color_scheme_default cmsmasters_row_top_default cmsmasters_row_bot_default cmsmasters_row_boxed\">\n<div class=\"cmsmasters_row_outer_parent\">\n<div class=\"cmsmasters_row_outer\">\n<div class=\"cmsmasters_row_inner\">\n<div class=\"cmsmasters_row_margin\">\n<div class=\"cmsmasters_column one_half\">\n\n<div id=\"cmsmasters_heading_69e45b4d943e2\" class=\"cmsmasters_heading_wrap cmsmasters_heading_align_left\">\n\t<h1 class=\"cmsmasters_heading\">Renovaci\u00f3n de tiendas y locales comerciales<\/h1>\n<\/div><div class=\"cmsmasters_img  cmsmasters_image_n\">\n<img decoding=\"async\" src=\"https:\/\/www.obrallar.com\/wp-content\/uploads\/2015\/04\/red-line.png\" \/>\n<\/div>\n\n<div id=\"cmsmasters_divider_69e45b4d949ac9_21855584\" class=\"cl\"><\/div><div class=\"cmsmasters_text\">\n<p>Sabemos lo importante que es para ti la cara visible de tu negocio, por eso cuando se trata de reformar una tienda o local comercial, priorizamos por encima de todo la calidad y el plazo de ejecuci\u00f3n de la obra. La coordinaci\u00f3n de todos los industriales que participan en el proyecto es la clave para conseguir tu satisfacci\u00f3n.<\/p>\n<\/div>\n\n<div id=\"cmsmasters_divider_69e45b4d94cee9_55081733\" class=\"cmsmasters_divider cmsmasters_divider_width_long cmsmasters_divider_pos_center\"><\/div><div class=\"cmsmasters_text\">\n<p>Si quieres m\u00e1s informaci\u00f3n, <a href=\"https:\/\/www.obrallar.com\/es\/contacto\/\">contacta con nosotros<\/a><\/p>\n<\/div>\n<\/div>\n<div class=\"cmsmasters_column one_half\">\n<div class=\"content_slider_wrap\" style=\"max-width:px;\">\n<script type=\"text\/javascript\">jQuery(document).ready(function () { jQuery(\"#cmsmasters_slider_69e45b4d95118.content_slider\").owlCarousel( { singleItem : true, transitionStyle: false, rewindSpeed : 1000, slideSpeed : 600, autoHeight : true, paginationSpeed : \t600, autoPlay : 7000,stopOnHover: true, pagination: false, navigation : true, navigationText : \t[ \"<span class=\\\"cmsmasters_prev_arrow\\\"><span><\/span><\/span>\", \"<span class=\\\"cmsmasters_next_arrow\\\"><span><\/span><\/span>\" ] } );} );<\/script>\n<div id=\"cmsmasters_slider_69e45b4d95118\" class=\"content_slider cmsmasters_owl_slider owl-carousel cmsmasters_big_btns\">\n<div class=\"item\"><img loading=\"lazy\" decoding=\"async\" width=\"1000\" height=\"750\" src=\"https:\/\/www.obrallar.com\/wp-content\/uploads\/2017\/05\/local2.jpg\" class=\"attachment-full size-full\" alt=\"Renovaci\u00f3 de botigues i locals comercials Serra Claret Manresa - Obrallar\" srcset=\"https:\/\/www.obrallar.com\/wp-content\/uploads\/2017\/05\/local2.jpg 1000w, https:\/\/www.obrallar.com\/wp-content\/uploads\/2017\/05\/local2-300x225.jpg 300w, https:\/\/www.obrallar.com\/wp-content\/uploads\/2017\/05\/local2-768x576.jpg 768w, https:\/\/www.obrallar.com\/wp-content\/uploads\/2017\/05\/local2-580x435.jpg 580w, https:\/\/www.obrallar.com\/wp-content\/uploads\/2017\/05\/local2-860x645.jpg 860w\" sizes=\"auto, (max-width: 1000px) 100vw, 1000px\" \/><\/div><div class=\"item\"><img loading=\"lazy\" decoding=\"async\" width=\"700\" height=\"525\" src=\"https:\/\/www.obrallar.com\/wp-content\/uploads\/2017\/05\/local6.jpg\" class=\"attachment-full size-full\" alt=\"Renovaci\u00f3 de botigues i locals comercials Manresa - Obrallar\" srcset=\"https:\/\/www.obrallar.com\/wp-content\/uploads\/2017\/05\/local6.jpg 700w, https:\/\/www.obrallar.com\/wp-content\/uploads\/2017\/05\/local6-300x225.jpg 300w, https:\/\/www.obrallar.com\/wp-content\/uploads\/2017\/05\/local6-580x435.jpg 580w\" sizes=\"auto, (max-width: 700px) 100vw, 700px\" \/><\/div><div class=\"item\"><img loading=\"lazy\" decoding=\"async\" width=\"700\" height=\"525\" src=\"https:\/\/www.obrallar.com\/wp-content\/uploads\/2017\/05\/botiga3.jpg\" class=\"attachment-full size-full\" alt=\"Renovaci\u00f3 de botigues i locals comercials Se\u00f1or Manresa - Obrallar\" srcset=\"https:\/\/www.obrallar.com\/wp-content\/uploads\/2017\/05\/botiga3.jpg 700w, https:\/\/www.obrallar.com\/wp-content\/uploads\/2017\/05\/botiga3-300x225.jpg 300w, https:\/\/www.obrallar.com\/wp-content\/uploads\/2017\/05\/botiga3-580x435.jpg 580w\" sizes=\"auto, (max-width: 700px) 100vw, 700px\" \/><\/div><div class=\"item\"><img loading=\"lazy\" decoding=\"async\" width=\"700\" height=\"525\" src=\"https:\/\/www.obrallar.com\/wp-content\/uploads\/2017\/05\/botiga4.jpg\" class=\"attachment-full size-full\" alt=\"Renovaci\u00f3 de botigues i locals comercials Bages Centre Manresa - Obrallar\" srcset=\"https:\/\/www.obrallar.com\/wp-content\/uploads\/2017\/05\/botiga4.jpg 700w, https:\/\/www.obrallar.com\/wp-content\/uploads\/2017\/05\/botiga4-300x225.jpg 300w, https:\/\/www.obrallar.com\/wp-content\/uploads\/2017\/05\/botiga4-580x435.jpg 580w\" sizes=\"auto, (max-width: 700px) 100vw, 700px\" \/><\/div><div class=\"item\"><img loading=\"lazy\" decoding=\"async\" width=\"700\" height=\"525\" src=\"https:\/\/www.obrallar.com\/wp-content\/uploads\/2017\/05\/botiga5.jpg\" class=\"attachment-full size-full\" alt=\"Renovaci\u00f3 de botigues i locals comercials KLT Manresa - Obrallar\" srcset=\"https:\/\/www.obrallar.com\/wp-content\/uploads\/2017\/05\/botiga5.jpg 700w, https:\/\/www.obrallar.com\/wp-content\/uploads\/2017\/05\/botiga5-300x225.jpg 300w, https:\/\/www.obrallar.com\/wp-content\/uploads\/2017\/05\/botiga5-580x435.jpg 580w\" sizes=\"auto, (max-width: 700px) 100vw, 700px\" \/><\/div><\/div>\n<\/div>\n<\/div>\n<\/div>\n<\/div>\n<\/div>\n<\/div>\n<\/div>\n\n","protected":false},"excerpt":{"rendered":"","protected":false},"author":1,"featured_media":0,"parent":11421,"menu_order":0,"comment_status":"closed","ping_status":"closed","template":"","meta":{"footnotes":""},"class_list":["post-11428","page","type-page","status-publish","hentry"],"yoast_head":"<!-- This site is optimized with the Yoast SEO plugin v27.2 - https:\/\/yoast.com\/product\/yoast-seo-wordpress\/ -->\n<title>Renovaci\u00f3n de tiendas y locales comerciales en Manresa - Obrallar<\/title>\n<meta name=\"description\" content=\"Reformas de tiendas y locales comerciales en la comarca del Bages con la m\u00e1xima calidad y rapidez, cumplimos los plazos de ejecuci\u00f3n de obra.\" \/>\n<meta name=\"robots\" content=\"index, follow, max-snippet:-1, max-image-preview:large, max-video-preview:-1\" \/>\n<link rel=\"canonical\" href=\"https:\/\/www.obrallar.com\/es\/servicios\/renovacion-tiendas-locales-comerciales\/\" \/>\n<meta property=\"og:locale\" content=\"es_ES\" \/>\n<meta property=\"og:type\" content=\"article\" \/>\n<meta property=\"og:title\" content=\"Renovaci\u00f3n de tiendas y locales comerciales en Manresa - Obrallar\" \/>\n<meta property=\"og:description\" content=\"Reformas de tiendas y locales comerciales en la comarca del Bages con la m\u00e1xima calidad y rapidez, cumplimos los plazos de ejecuci\u00f3n de obra.\" \/>\n<meta property=\"og:url\" content=\"https:\/\/www.obrallar.com\/es\/servicios\/renovacion-tiendas-locales-comerciales\/\" \/>\n<meta property=\"og:site_name\" content=\"Obrallar\" \/>\n<meta property=\"article:modified_time\" content=\"2017-11-22T10:41:53+00:00\" \/>\n<meta name=\"twitter:card\" content=\"summary_large_image\" \/>\n<meta name=\"twitter:label1\" content=\"Tiempo de lectura\" \/>\n\t<meta name=\"twitter:data1\" content=\"1 minuto\" \/>\n<script type=\"application\/ld+json\" class=\"yoast-schema-graph\">{\"@context\":\"https:\/\/schema.org\",\"@graph\":[{\"@type\":\"WebPage\",\"@id\":\"https:\/\/www.obrallar.com\/es\/servicios\/renovacion-tiendas-locales-comerciales\/\",\"url\":\"https:\/\/www.obrallar.com\/es\/servicios\/renovacion-tiendas-locales-comerciales\/\",\"name\":\"Renovaci\u00f3n de tiendas y locales comerciales en Manresa - Obrallar\",\"isPartOf\":{\"@id\":\"https:\/\/www.obrallar.com\/#website\"},\"datePublished\":\"2017-05-29T08:08:28+00:00\",\"dateModified\":\"2017-11-22T10:41:53+00:00\",\"description\":\"Reformas de tiendas y locales comerciales en la comarca del Bages con la m\u00e1xima calidad y rapidez, cumplimos los plazos de ejecuci\u00f3n de obra.\",\"breadcrumb\":{\"@id\":\"https:\/\/www.obrallar.com\/es\/servicios\/renovacion-tiendas-locales-comerciales\/#breadcrumb\"},\"inLanguage\":\"es\",\"potentialAction\":[{\"@type\":\"ReadAction\",\"target\":[\"https:\/\/www.obrallar.com\/es\/servicios\/renovacion-tiendas-locales-comerciales\/\"]}]},{\"@type\":\"BreadcrumbList\",\"@id\":\"https:\/\/www.obrallar.com\/es\/servicios\/renovacion-tiendas-locales-comerciales\/#breadcrumb\",\"itemListElement\":[{\"@type\":\"ListItem\",\"position\":1,\"name\":\"Inici\",\"item\":\"https:\/\/www.obrallar.com\/es\/\"},{\"@type\":\"ListItem\",\"position\":2,\"name\":\"Servicios\",\"item\":\"https:\/\/www.obrallar.com\/es\/servicios\/\"},{\"@type\":\"ListItem\",\"position\":3,\"name\":\"Renovaci\u00f3n de tiendas y locales comerciales\"}]},{\"@type\":\"WebSite\",\"@id\":\"https:\/\/www.obrallar.com\/#website\",\"url\":\"https:\/\/www.obrallar.com\/\",\"name\":\"Obrallar\",\"description\":\"Serveis de reforma\",\"potentialAction\":[{\"@type\":\"SearchAction\",\"target\":{\"@type\":\"EntryPoint\",\"urlTemplate\":\"https:\/\/www.obrallar.com\/?s={search_term_string}\"},\"query-input\":{\"@type\":\"PropertyValueSpecification\",\"valueRequired\":true,\"valueName\":\"search_term_string\"}}],\"inLanguage\":\"es\"}]}<\/script>\n<!-- \/ Yoast SEO plugin. -->","yoast_head_json":{"title":"Renovaci\u00f3n de tiendas y locales comerciales en Manresa - Obrallar","description":"Reformas de tiendas y locales comerciales en la comarca del Bages con la m\u00e1xima calidad y rapidez, cumplimos los plazos de ejecuci\u00f3n de obra.","robots":{"index":"index","follow":"follow","max-snippet":"max-snippet:-1","max-image-preview":"max-image-preview:large","max-video-preview":"max-video-preview:-1"},"canonical":"https:\/\/www.obrallar.com\/es\/servicios\/renovacion-tiendas-locales-comerciales\/","og_locale":"es_ES","og_type":"article","og_title":"Renovaci\u00f3n de tiendas y locales comerciales en Manresa - Obrallar","og_description":"Reformas de tiendas y locales comerciales en la comarca del Bages con la m\u00e1xima calidad y rapidez, cumplimos los plazos de ejecuci\u00f3n de obra.","og_url":"https:\/\/www.obrallar.com\/es\/servicios\/renovacion-tiendas-locales-comerciales\/","og_site_name":"Obrallar","article_modified_time":"2017-11-22T10:41:53+00:00","twitter_card":"summary_large_image","twitter_misc":{"Tiempo de lectura":"1 minuto"},"schema":{"@context":"https:\/\/schema.org","@graph":[{"@type":"WebPage","@id":"https:\/\/www.obrallar.com\/es\/servicios\/renovacion-tiendas-locales-comerciales\/","url":"https:\/\/www.obrallar.com\/es\/servicios\/renovacion-tiendas-locales-comerciales\/","name":"Renovaci\u00f3n de tiendas y locales comerciales en Manresa - Obrallar","isPartOf":{"@id":"https:\/\/www.obrallar.com\/#website"},"datePublished":"2017-05-29T08:08:28+00:00","dateModified":"2017-11-22T10:41:53+00:00","description":"Reformas de tiendas y locales comerciales en la comarca del Bages con la m\u00e1xima calidad y rapidez, cumplimos los plazos de ejecuci\u00f3n de obra.","breadcrumb":{"@id":"https:\/\/www.obrallar.com\/es\/servicios\/renovacion-tiendas-locales-comerciales\/#breadcrumb"},"inLanguage":"es","potentialAction":[{"@type":"ReadAction","target":["https:\/\/www.obrallar.com\/es\/servicios\/renovacion-tiendas-locales-comerciales\/"]}]},{"@type":"BreadcrumbList","@id":"https:\/\/www.obrallar.com\/es\/servicios\/renovacion-tiendas-locales-comerciales\/#breadcrumb","itemListElement":[{"@type":"ListItem","position":1,"name":"Inici","item":"https:\/\/www.obrallar.com\/es\/"},{"@type":"ListItem","position":2,"name":"Servicios","item":"https:\/\/www.obrallar.com\/es\/servicios\/"},{"@type":"ListItem","position":3,"name":"Renovaci\u00f3n de tiendas y locales comerciales"}]},{"@type":"WebSite","@id":"https:\/\/www.obrallar.com\/#website","url":"https:\/\/www.obrallar.com\/","name":"Obrallar","description":"Serveis de reforma","potentialAction":[{"@type":"SearchAction","target":{"@type":"EntryPoint","urlTemplate":"https:\/\/www.obrallar.com\/?s={search_term_string}"},"query-input":{"@type":"PropertyValueSpecification","valueRequired":true,"valueName":"search_term_string"}}],"inLanguage":"es"}]}},"_links":{"self":[{"href":"https:\/\/www.obrallar.com\/es\/wp-json\/wp\/v2\/pages\/11428","targetHints":{"allow":["GET"]}}],"collection":[{"href":"https:\/\/www.obrallar.com\/es\/wp-json\/wp\/v2\/pages"}],"about":[{"href":"https:\/\/www.obrallar.com\/es\/wp-json\/wp\/v2\/types\/page"}],"author":[{"embeddable":true,"href":"https:\/\/www.obrallar.com\/es\/wp-json\/wp\/v2\/users\/1"}],"replies":[{"embeddable":true,"href":"https:\/\/www.obrallar.com\/es\/wp-json\/wp\/v2\/comments?post=11428"}],"version-history":[{"count":4,"href":"https:\/\/www.obrallar.com\/es\/wp-json\/wp\/v2\/pages\/11428\/revisions"}],"predecessor-version":[{"id":11499,"href":"https:\/\/www.obrallar.com\/es\/wp-json\/wp\/v2\/pages\/11428\/revisions\/11499"}],"up":[{"embeddable":true,"href":"https:\/\/www.obrallar.com\/es\/wp-json\/wp\/v2\/pages\/11421"}],"wp:attachment":[{"href":"https:\/\/www.obrallar.com\/es\/wp-json\/wp\/v2\/media?parent=11428"}],"curies":[{"name":"wp","href":"https:\/\/api.w.org\/{rel}","templated":true}]}}