{"id":12067,"date":"2022-06-17T16:11:21","date_gmt":"2022-06-17T14:11:21","guid":{"rendered":"https:\/\/www.obrallar.com\/politica-de-privacitat\/"},"modified":"2022-06-17T16:11:21","modified_gmt":"2022-06-17T14:11:21","slug":"politica-de-privacitat","status":"publish","type":"page","link":"https:\/\/www.obrallar.com\/es\/politica-de-privacitat\/","title":{"rendered":"POL\u00cdTICA DE PRIVACITAT"},"content":{"rendered":"<style type=\"text\/css\"> \n#cmsmasters_row_69f603bc1be323_84668139 .cmsmasters_row_outer_parent { \n\tpadding-top: 0px; \n} \n\n#cmsmasters_row_69f603bc1be323_84668139 .cmsmasters_row_outer_parent { \n\tpadding-bottom: 50px; \n} \n\n<\/style><div id=\"cmsmasters_row_69f603bc1be323_84668139\" class=\"cmsmasters_row cmsmasters_color_scheme_default cmsmasters_row_top_default cmsmasters_row_bot_default cmsmasters_row_boxed\">\n<div class=\"cmsmasters_row_outer_parent\">\n<div class=\"cmsmasters_row_outer\">\n<div class=\"cmsmasters_row_inner\">\n<div class=\"cmsmasters_row_margin\">\n<div class=\"cmsmasters_column one_first\">\n<div class=\"cmsmasters_text\">\n<h3><strong>Informacion sobre Protecci\u00f3n de Datos<\/strong><\/h3>\n<p><strong>Datos relativos al Responsable<\/strong><br \/>\nResponsable Tratamiento<br \/>\n&#8211; Entidad: OBRA LLAR 2000 SL<br \/>\n&#8211; CIF de la entidad: B61089439<br \/>\n&#8211; Direccion de la entidad: CARRETERA DE VIC, 20, BAIXOS &#8211; (08241) MANRESA<br \/>\n&#8211; Email de la entidad: admin@obrallar.com<br \/>\n&#8211; Responsable del tratamiento : XAVIER FERNANDEZ GARCIA<br \/>\n&#8211; Tel\u00e9fono del Responsable del tratamiento : 659850097<br \/>\n&#8211; Direcci\u00f3n email del Responsable del tratamiento : ADMIN@OBRALLAR.COM<\/p>\n<p><strong>Finalidades<\/strong><\/p>\n<p>En cumplimiento de lo dispuesto en el Reglamento Europeo 2016\/679 General de Protecci\u00f3n de Datos y la Ley Org\u00e1nica 3\/2018 de Protecci\u00f3n de Datos Personales y Garant\u00eda de Derechos Digitales, le informamos de que, dependiendo de la relaci\u00f3n que tenga con nosotros, en OBRA LLAR 2000 SL tratamos los datos que nos facilita para alguna, o todas, las siguientes finalidades:<\/p>\n<p>Arrendamiento\/compra de viviendas, locales, etc<br \/>\nCompra\/venta de bienes y servicios.<br \/>\nEnv\u00edo de informaci\u00f3n comercial de la entidad mediante correo postal, correo electr\u00f3nico u otros<br \/>\nEnv\u00edos de informaci\u00f3n rec\u00edproca mediante la plataforma whatsapp, sin que el Responsable pueda asegurar que dicha plataforma tome medidas de seguridad y realicen tratamientos adecuados al RGPD y la LOPDGDD<br \/>\nGesti\u00f3n contable, administrativa, de facturaci\u00f3n y gesti\u00f3n de cobros.<br \/>\nInformaci\u00f3n procedente de Cookies<br \/>\nPrestarles un servicio<br \/>\nPublicaci\u00f3n de datos de car\u00e1cter personal en las diferentes redes sociales u otros m\u00e9todos de publicaci\u00f3n<br \/>\nServicio postventa y fidelizaci\u00f3n<br \/>\nTramitaci\u00f3n de presupuestos<\/p>\n<p><strong>Plazo de conservaci\u00f3n de los datos<\/strong><\/p>\n<p>Sus datos ser\u00e1n conservados en un tiempo indefinido, comercial o de otro tipo con nuestra entidad, solicite su supresi\u00f3n, as\u00ed mismo los datos ser\u00e1n almacenados el tiempo necesario para cumplir las obligaciones legales.<\/p>\n<p><strong>Legitimaci\u00f3n<\/strong><\/p>\n<p>La base legal para el tratamiento de tus datos radica por:<\/p>\n<p>Consentimiento inequ\u00edvoco<br \/>\nEjecuci\u00f3n de un contrato<br \/>\nConsentimiento inequ\u00edvoco<br \/>\nConsentimiento inequ\u00edvoco<\/p>\n<p><strong>Destinatarios<\/strong><\/p>\n<p>Sus datos personales ser\u00e1n comunicados a terceros en los siguientes supuestos:<\/p>\n<p>Administraci\u00f3n tributaria<br \/>\nBancos y entidades financieras<br \/>\nGestor\u00eda\/Asesor\u00eda<br \/>\nNo comparto los datos con terceros.<br \/>\nOtros profesionales del sector<\/p>\n<p><strong>Derechos<\/strong><\/p>\n<p>Tiene derecho a obtener confirmaci\u00f3n sobre si en OBRA LLAR 2000 SL estamos tratando datos personales que le conciernan, o no.<\/p>\n<p>Asimismo, tiene derecho de acceso a sus datos personales, as\u00ed como a solicitar la rectificaci\u00f3n de los datos inexactos o, en su caso, solicitar su supresi\u00f3n cuando, entre otros motivos, los datos ya no sean necesarios para los fines que fueron recogidos.<\/p>\n<p>En determinadas circunstancias, podr\u00e1 solicitar la limitaci\u00f3n del tratamiento de sus datos, en cuyo caso \u00fanicamente los conservaremos para el ejercicio o la defensa de reclamaciones.<\/p>\n<p>Adicionalmente, en determinadas circunstancias y por motivos relacionados con tu situaci\u00f3n particular, podr\u00e1 ejercer el derecho de oposici\u00f3n al tratamiento de sus datos. OBRA LLAR 2000 SL dejar\u00e1 de tratar los datos, salvo por motivos leg\u00edtimos imperiosos, o el ejercicio o la defensa de posibles reclamaciones.<\/p>\n<p>Asimismo, puede ejercer el derecho a la portabilidad de los datos, as\u00ed como retirar los consentimientos facilitados en cualquier momento, sin que ello afecte a la licitud del tratamiento basado en el consentimiento previo a su retirada.<\/p>\n<p>Si desea hacer uso de cualquiera de tus derechos puede realizarlos a trav\u00e9s de los enlaces habilitados que encontrar\u00e1 a continuaci\u00f3n:<\/p>\n<ul>\n<li>Para ejercer su derecho de\u00a0<strong>Acceso<\/strong>\u00a0haga clic\u00a0<a href=\"https:\/\/intranet.laboralrgpd.com\/webApp\/clientes_derechos\/derechos-formulario.php?id_cliente=Wk9Zb2ZKckk4VWFWcWZGYkRJMmFzdz09\" target=\"_blank\" rel=\"noopener\">aqu\u00ed<\/a><\/li>\n<li>Para ejercer su derecho de\u00a0<strong>Rectificaci\u00f3n<\/strong>\u00a0haga clic\u00a0<a href=\"https:\/\/intranet.laboralrgpd.com\/webApp\/clientes_derechos\/derechos-formulario.php?id_cliente=Wk9Zb2ZKckk4VWFWcWZGYkRJMmFzdz09\" target=\"_blank\" rel=\"noopener\">aqu\u00ed<\/a><\/li>\n<li>Para ejercer su derecho de\u00a0<strong>Supresi\u00f3n (Olvido)<\/strong>\u00a0haga clic\u00a0<a href=\"https:\/\/intranet.laboralrgpd.com\/webApp\/clientes_derechos\/derechos-formulario.php?id_cliente=Wk9Zb2ZKckk4VWFWcWZGYkRJMmFzdz09\" target=\"_blank\" rel=\"noopener\">aqu\u00ed<\/a><\/li>\n<li>Para ejercer su derecho de\u00a0<strong>Limitaci\u00f3n del Tratamiento<\/strong>\u00a0haga clic\u00a0<a href=\"https:\/\/intranet.laboralrgpd.com\/webApp\/clientes_derechos\/derechos-formulario.php?id_cliente=Wk9Zb2ZKckk4VWFWcWZGYkRJMmFzdz09\" target=\"_blank\" rel=\"noopener\">aqu\u00ed<\/a><\/li>\n<li>Para ejercer su derecho de\u00a0<strong>Oposici\u00f3n<\/strong>\u00a0haga clic\u00a0<a href=\"https:\/\/intranet.laboralrgpd.com\/webApp\/clientes_derechos\/derechos-formulario.php?id_cliente=Wk9Zb2ZKckk4VWFWcWZGYkRJMmFzdz09\" target=\"_blank\" rel=\"noopener\">aqu\u00ed<\/a><\/li>\n<li>Para ejercer su derecho de\u00a0<strong>Portabilidad<\/strong>\u00a0haga clic\u00a0<a href=\"https:\/\/intranet.laboralrgpd.com\/webApp\/clientes_derechos\/derechos-formulario.php?id_cliente=Wk9Zb2ZKckk4VWFWcWZGYkRJMmFzdz09\" target=\"_blank\" rel=\"noopener\">aqu\u00ed<\/a><\/li>\n<\/ul>\n<p>Alternativamente, tambi\u00e9n puede dirigirse a nosotros mediante correo postal a la siguiente direcci\u00f3n: CARRETERA DE VIC, 20, BAIXOS &#8211; (08241) MANRESA adjuntado una fotocopia del DNI, para la certeza de su identidad. Recuerde facilitar la mayor informaci\u00f3n posible sobre su solicitud: Nombre y apellidos, direcci\u00f3n de correo electr\u00f3nico que utiliza para la cuenta o portal objeto de tu solicitud.<\/p>\n<p>Por \u00faltimo, le informamos que puede dirigirse ante la Agencia Espa\u00f1ola de Protecci\u00f3n de Datos y dem\u00e1s organismos p\u00fablicos competentes para cualquier reclamaci\u00f3n derivada del tratamiento de tus datos personales.<\/p>\n<p><strong>Pol\u00edtica de cookies<\/strong><\/p>\n<p>Para conocer las cookies que utilizamos en nuestra p\u00e1gina, recuerde que puede acceder a nuestra Pol\u00edtica de Cookies a trav\u00e9s del siguiente enlace pol\u00edtica de cookies.<\/p>\n<\/div>\n<\/div>\n<\/div>\n<\/div>\n<\/div>\n<\/div>\n<\/div>\n\n","protected":false},"excerpt":{"rendered":"","protected":false},"author":1,"featured_media":0,"parent":0,"menu_order":0,"comment_status":"closed","ping_status":"closed","template":"","meta":{"footnotes":""},"class_list":["post-12067","page","type-page","status-publish","hentry"],"yoast_head":"<!-- This site is optimized with the Yoast SEO plugin v27.4 - https:\/\/yoast.com\/product\/yoast-seo-wordpress\/ -->\n<title>POL\u00cdTICA DE PRIVACITAT - Obrallar<\/title>\n<meta name=\"robots\" content=\"index, follow, max-snippet:-1, max-image-preview:large, max-video-preview:-1\" \/>\n<link rel=\"canonical\" href=\"https:\/\/www.obrallar.com\/es\/politica-de-privacitat\/\" \/>\n<meta property=\"og:locale\" content=\"es_ES\" \/>\n<meta property=\"og:type\" content=\"article\" \/>\n<meta property=\"og:title\" content=\"POL\u00cdTICA DE PRIVACITAT - Obrallar\" \/>\n<meta property=\"og:url\" content=\"https:\/\/www.obrallar.com\/es\/politica-de-privacitat\/\" \/>\n<meta property=\"og:site_name\" content=\"Obrallar\" \/>\n<meta name=\"twitter:card\" content=\"summary_large_image\" \/>\n<meta name=\"twitter:label1\" content=\"Tiempo de lectura\" \/>\n\t<meta name=\"twitter:data1\" content=\"4 minutos\" \/>\n<script type=\"application\/ld+json\" class=\"yoast-schema-graph\">{\"@context\":\"https:\\\/\\\/schema.org\",\"@graph\":[{\"@type\":\"WebPage\",\"@id\":\"https:\\\/\\\/www.obrallar.com\\\/es\\\/politica-de-privacitat\\\/\",\"url\":\"https:\\\/\\\/www.obrallar.com\\\/es\\\/politica-de-privacitat\\\/\",\"name\":\"POL\u00cdTICA DE PRIVACITAT - Obrallar\",\"isPartOf\":{\"@id\":\"https:\\\/\\\/www.obrallar.com\\\/#website\"},\"datePublished\":\"2022-06-17T14:11:21+00:00\",\"breadcrumb\":{\"@id\":\"https:\\\/\\\/www.obrallar.com\\\/es\\\/politica-de-privacitat\\\/#breadcrumb\"},\"inLanguage\":\"es\",\"potentialAction\":[{\"@type\":\"ReadAction\",\"target\":[\"https:\\\/\\\/www.obrallar.com\\\/es\\\/politica-de-privacitat\\\/\"]}]},{\"@type\":\"BreadcrumbList\",\"@id\":\"https:\\\/\\\/www.obrallar.com\\\/es\\\/politica-de-privacitat\\\/#breadcrumb\",\"itemListElement\":[{\"@type\":\"ListItem\",\"position\":1,\"name\":\"Inici\",\"item\":\"https:\\\/\\\/www.obrallar.com\\\/es\\\/\"},{\"@type\":\"ListItem\",\"position\":2,\"name\":\"POL\u00cdTICA DE PRIVACITAT\"}]},{\"@type\":\"WebSite\",\"@id\":\"https:\\\/\\\/www.obrallar.com\\\/#website\",\"url\":\"https:\\\/\\\/www.obrallar.com\\\/\",\"name\":\"Obrallar\",\"description\":\"Serveis de reforma\",\"potentialAction\":[{\"@type\":\"SearchAction\",\"target\":{\"@type\":\"EntryPoint\",\"urlTemplate\":\"https:\\\/\\\/www.obrallar.com\\\/?s={search_term_string}\"},\"query-input\":{\"@type\":\"PropertyValueSpecification\",\"valueRequired\":true,\"valueName\":\"search_term_string\"}}],\"inLanguage\":\"es\"}]}<\/script>\n<!-- \/ Yoast SEO plugin. -->","yoast_head_json":{"title":"POL\u00cdTICA DE PRIVACITAT - Obrallar","robots":{"index":"index","follow":"follow","max-snippet":"max-snippet:-1","max-image-preview":"max-image-preview:large","max-video-preview":"max-video-preview:-1"},"canonical":"https:\/\/www.obrallar.com\/es\/politica-de-privacitat\/","og_locale":"es_ES","og_type":"article","og_title":"POL\u00cdTICA DE PRIVACITAT - Obrallar","og_url":"https:\/\/www.obrallar.com\/es\/politica-de-privacitat\/","og_site_name":"Obrallar","twitter_card":"summary_large_image","twitter_misc":{"Tiempo de lectura":"4 minutos"},"schema":{"@context":"https:\/\/schema.org","@graph":[{"@type":"WebPage","@id":"https:\/\/www.obrallar.com\/es\/politica-de-privacitat\/","url":"https:\/\/www.obrallar.com\/es\/politica-de-privacitat\/","name":"POL\u00cdTICA DE PRIVACITAT - Obrallar","isPartOf":{"@id":"https:\/\/www.obrallar.com\/#website"},"datePublished":"2022-06-17T14:11:21+00:00","breadcrumb":{"@id":"https:\/\/www.obrallar.com\/es\/politica-de-privacitat\/#breadcrumb"},"inLanguage":"es","potentialAction":[{"@type":"ReadAction","target":["https:\/\/www.obrallar.com\/es\/politica-de-privacitat\/"]}]},{"@type":"BreadcrumbList","@id":"https:\/\/www.obrallar.com\/es\/politica-de-privacitat\/#breadcrumb","itemListElement":[{"@type":"ListItem","position":1,"name":"Inici","item":"https:\/\/www.obrallar.com\/es\/"},{"@type":"ListItem","position":2,"name":"POL\u00cdTICA DE PRIVACITAT"}]},{"@type":"WebSite","@id":"https:\/\/www.obrallar.com\/#website","url":"https:\/\/www.obrallar.com\/","name":"Obrallar","description":"Serveis de reforma","potentialAction":[{"@type":"SearchAction","target":{"@type":"EntryPoint","urlTemplate":"https:\/\/www.obrallar.com\/?s={search_term_string}"},"query-input":{"@type":"PropertyValueSpecification","valueRequired":true,"valueName":"search_term_string"}}],"inLanguage":"es"}]}},"_links":{"self":[{"href":"https:\/\/www.obrallar.com\/es\/wp-json\/wp\/v2\/pages\/12067","targetHints":{"allow":["GET"]}}],"collection":[{"href":"https:\/\/www.obrallar.com\/es\/wp-json\/wp\/v2\/pages"}],"about":[{"href":"https:\/\/www.obrallar.com\/es\/wp-json\/wp\/v2\/types\/page"}],"author":[{"embeddable":true,"href":"https:\/\/www.obrallar.com\/es\/wp-json\/wp\/v2\/users\/1"}],"replies":[{"embeddable":true,"href":"https:\/\/www.obrallar.com\/es\/wp-json\/wp\/v2\/comments?post=12067"}],"version-history":[{"count":0,"href":"https:\/\/www.obrallar.com\/es\/wp-json\/wp\/v2\/pages\/12067\/revisions"}],"wp:attachment":[{"href":"https:\/\/www.obrallar.com\/es\/wp-json\/wp\/v2\/media?parent=12067"}],"curies":[{"name":"wp","href":"https:\/\/api.w.org\/{rel}","templated":true}]}}